{"id":637,"date":"2023-05-28T01:16:42","date_gmt":"2023-05-27T23:16:42","guid":{"rendered":"https:\/\/ccsconsult.fr\/?page_id=637"},"modified":"2023-09-14T23:34:48","modified_gmt":"2023-09-14T21:34:48","slug":"notre-methodologie","status":"publish","type":"page","link":"https:\/\/ccsconsult.fr\/?page_id=637","title":{"rendered":"Notre m\u00e9thodologie"},"content":{"rendered":"\t\t<div data-elementor-type=\"wp-page\" data-elementor-id=\"637\" class=\"elementor elementor-637\">\n\t\t\t\t\t\t\t\t\t<section class=\"elementor-section elementor-top-section elementor-element elementor-element-207b277c elementor-section-boxed elementor-section-height-default elementor-section-height-default wpr-particle-no wpr-jarallax-no wpr-parallax-no wpr-sticky-section-no\" data-id=\"207b277c\" data-element_type=\"section\">\n\t\t\t\t\t\t<div class=\"elementor-container elementor-column-gap-default\">\n\t\t\t\t\t<div class=\"elementor-column elementor-col-100 elementor-top-column elementor-element elementor-element-59914a3\" data-id=\"59914a3\" data-element_type=\"column\">\n\t\t\t<div class=\"elementor-widget-wrap elementor-element-populated\">\n\t\t\t\t\t\t\t\t<div class=\"elementor-element elementor-element-77135bca elementor-widget-divider--view-line elementor-widget elementor-widget-divider\" data-id=\"77135bca\" data-element_type=\"widget\" data-widget_type=\"divider.default\">\n\t\t\t\t<div class=\"elementor-widget-container\">\n\t\t\t<style>\/*! elementor - v3.17.0 - 01-11-2023 *\/\n.elementor-widget-divider{--divider-border-style:none;--divider-border-width:1px;--divider-color:#0c0d0e;--divider-icon-size:20px;--divider-element-spacing:10px;--divider-pattern-height:24px;--divider-pattern-size:20px;--divider-pattern-url:none;--divider-pattern-repeat:repeat-x}.elementor-widget-divider .elementor-divider{display:flex}.elementor-widget-divider .elementor-divider__text{font-size:15px;line-height:1;max-width:95%}.elementor-widget-divider .elementor-divider__element{margin:0 var(--divider-element-spacing);flex-shrink:0}.elementor-widget-divider .elementor-icon{font-size:var(--divider-icon-size)}.elementor-widget-divider .elementor-divider-separator{display:flex;margin:0;direction:ltr}.elementor-widget-divider--view-line_icon .elementor-divider-separator,.elementor-widget-divider--view-line_text .elementor-divider-separator{align-items:center}.elementor-widget-divider--view-line_icon .elementor-divider-separator:after,.elementor-widget-divider--view-line_icon .elementor-divider-separator:before,.elementor-widget-divider--view-line_text .elementor-divider-separator:after,.elementor-widget-divider--view-line_text .elementor-divider-separator:before{display:block;content:\"\";border-bottom:0;flex-grow:1;border-top:var(--divider-border-width) var(--divider-border-style) var(--divider-color)}.elementor-widget-divider--element-align-left .elementor-divider .elementor-divider-separator>.elementor-divider__svg:first-of-type{flex-grow:0;flex-shrink:100}.elementor-widget-divider--element-align-left .elementor-divider-separator:before{content:none}.elementor-widget-divider--element-align-left .elementor-divider__element{margin-left:0}.elementor-widget-divider--element-align-right .elementor-divider .elementor-divider-separator>.elementor-divider__svg:last-of-type{flex-grow:0;flex-shrink:100}.elementor-widget-divider--element-align-right .elementor-divider-separator:after{content:none}.elementor-widget-divider--element-align-right .elementor-divider__element{margin-right:0}.elementor-widget-divider:not(.elementor-widget-divider--view-line_text):not(.elementor-widget-divider--view-line_icon) .elementor-divider-separator{border-top:var(--divider-border-width) var(--divider-border-style) var(--divider-color)}.elementor-widget-divider--separator-type-pattern{--divider-border-style:none}.elementor-widget-divider--separator-type-pattern.elementor-widget-divider--view-line .elementor-divider-separator,.elementor-widget-divider--separator-type-pattern:not(.elementor-widget-divider--view-line) .elementor-divider-separator:after,.elementor-widget-divider--separator-type-pattern:not(.elementor-widget-divider--view-line) .elementor-divider-separator:before,.elementor-widget-divider--separator-type-pattern:not([class*=elementor-widget-divider--view]) .elementor-divider-separator{width:100%;min-height:var(--divider-pattern-height);-webkit-mask-size:var(--divider-pattern-size) 100%;mask-size:var(--divider-pattern-size) 100%;-webkit-mask-repeat:var(--divider-pattern-repeat);mask-repeat:var(--divider-pattern-repeat);background-color:var(--divider-color);-webkit-mask-image:var(--divider-pattern-url);mask-image:var(--divider-pattern-url)}.elementor-widget-divider--no-spacing{--divider-pattern-size:auto}.elementor-widget-divider--bg-round{--divider-pattern-repeat:round}.rtl .elementor-widget-divider .elementor-divider__text{direction:rtl}.e-con-inner>.elementor-widget-divider,.e-con>.elementor-widget-divider{width:var(--container-widget-width,100%);--flex-grow:var(--container-widget-flex-grow)}<\/style>\t\t<div class=\"elementor-divider\">\n\t\t\t<span class=\"elementor-divider-separator\">\n\t\t\t\t\t\t<\/span>\n\t\t<\/div>\n\t\t\t\t<\/div>\n\t\t\t\t<\/div>\n\t\t\t\t\t<\/div>\n\t\t<\/div>\n\t\t\t\t\t\t\t<\/div>\n\t\t<\/section>\n\t\t\t\t<section class=\"elementor-section elementor-top-section elementor-element elementor-element-c05a460 elementor-section-boxed elementor-section-height-default elementor-section-height-default wpr-particle-no wpr-jarallax-no wpr-parallax-no wpr-sticky-section-no\" data-id=\"c05a460\" data-element_type=\"section\" id=\"learn\" data-settings=\"{&quot;background_background&quot;:&quot;classic&quot;}\">\n\t\t\t\t\t\t<div class=\"elementor-container elementor-column-gap-no\">\n\t\t\t\t\t<div class=\"elementor-column elementor-col-100 elementor-top-column elementor-element elementor-element-ed32544\" data-id=\"ed32544\" data-element_type=\"column\">\n\t\t\t<div class=\"elementor-widget-wrap elementor-element-populated\">\n\t\t\t\t\t\t\t\t<section class=\"elementor-section elementor-inner-section elementor-element elementor-element-a0a5a46 elementor-section-boxed elementor-section-height-default elementor-section-height-default wpr-particle-no wpr-jarallax-no wpr-parallax-no wpr-sticky-section-no\" data-id=\"a0a5a46\" data-element_type=\"section\">\n\t\t\t\t\t\t<div class=\"elementor-container elementor-column-gap-no\">\n\t\t\t\t\t<div class=\"elementor-column elementor-col-50 elementor-inner-column elementor-element elementor-element-17a4b3d\" data-id=\"17a4b3d\" data-element_type=\"column\">\n\t\t\t<div class=\"elementor-widget-wrap elementor-element-populated\">\n\t\t\t\t\t\t\t\t<div class=\"elementor-element elementor-element-8912518 elementor-widget elementor-widget-heading\" data-id=\"8912518\" data-element_type=\"widget\" data-widget_type=\"heading.default\">\n\t\t\t\t<div class=\"elementor-widget-container\">\n\t\t\t<style>\/*! elementor - v3.17.0 - 01-11-2023 *\/\n.elementor-heading-title{padding:0;margin:0;line-height:1}.elementor-widget-heading .elementor-heading-title[class*=elementor-size-]>a{color:inherit;font-size:inherit;line-height:inherit}.elementor-widget-heading .elementor-heading-title.elementor-size-small{font-size:15px}.elementor-widget-heading .elementor-heading-title.elementor-size-medium{font-size:19px}.elementor-widget-heading .elementor-heading-title.elementor-size-large{font-size:29px}.elementor-widget-heading .elementor-heading-title.elementor-size-xl{font-size:39px}.elementor-widget-heading .elementor-heading-title.elementor-size-xxl{font-size:59px}<\/style><h2 class=\"elementor-heading-title elementor-size-default\">Notre M\u00e9thodologie<\/h2>\t\t<\/div>\n\t\t\t\t<\/div>\n\t\t\t\t\t<\/div>\n\t\t<\/div>\n\t\t\t\t<div class=\"elementor-column elementor-col-50 elementor-inner-column elementor-element elementor-element-5c4fc7e\" data-id=\"5c4fc7e\" data-element_type=\"column\">\n\t\t\t<div class=\"elementor-widget-wrap elementor-element-populated\">\n\t\t\t\t\t\t\t\t<div class=\"elementor-element elementor-element-644b43f elementor-widget elementor-widget-text-editor\" data-id=\"644b43f\" data-element_type=\"widget\" data-widget_type=\"text-editor.default\">\n\t\t\t\t<div class=\"elementor-widget-container\">\n\t\t\t<style>\/*! elementor - v3.17.0 - 01-11-2023 *\/\n.elementor-widget-text-editor.elementor-drop-cap-view-stacked .elementor-drop-cap{background-color:#69727d;color:#fff}.elementor-widget-text-editor.elementor-drop-cap-view-framed .elementor-drop-cap{color:#69727d;border:3px solid;background-color:transparent}.elementor-widget-text-editor:not(.elementor-drop-cap-view-default) .elementor-drop-cap{margin-top:8px}.elementor-widget-text-editor:not(.elementor-drop-cap-view-default) .elementor-drop-cap-letter{width:1em;height:1em}.elementor-widget-text-editor .elementor-drop-cap{float:left;text-align:center;line-height:1;font-size:50px}.elementor-widget-text-editor .elementor-drop-cap-letter{display:inline-block}<\/style>\t\t\t\t<div dir=\"auto\"><div dir=\"auto\">Afin de vous offrir un service de pointe \u00e0 des co\u00fbts maitris\u00e9s nous nous basons sur notre r\u00e9seau de traducteurs avec qui nous collaborons depuis la fondation de l\u2019entreprise.<\/div><div dir=\"auto\">Selon la nature du document \u00e0 traduire, il sera affect\u00e9 \u00e0 un traducteur sp\u00e9cialis\u00e9 et expert dans votre domaine.<\/div><div dir=\"auto\">Il \u00e9valuera la dur\u00e9e n\u00e9cessaire pour la r\u00e9alisation de la traduction. Ceci sera formalis\u00e9 par un devis qui tiendra compte d\u2019engagement.<\/div><div dir=\"auto\">Dans la mesure du possible, le m\u00eame traducteur vous sera affect\u00e9 pour l\u2019ensemble de vos traductions, vous assurant ainsi une harmonie qualitative et stylistique.<\/div><div dir=\"auto\">Il sera mis en place un glossaire terminologique aliment\u00e9 et permanence et mis \u00e0 disposition de vos \u00e9quipes.<\/div><div class=\"yj6qo ajU\">\u00a0<\/div><\/div>\t\t\t\t\t\t<\/div>\n\t\t\t\t<\/div>\n\t\t\t\t\t<\/div>\n\t\t<\/div>\n\t\t\t\t\t\t\t<\/div>\n\t\t<\/section>\n\t\t\t\t<div class=\"elementor-element elementor-element-9f7dcd7 elementor-widget elementor-widget-image\" data-id=\"9f7dcd7\" data-element_type=\"widget\" data-widget_type=\"image.default\">\n\t\t\t\t<div class=\"elementor-widget-container\">\n\t\t\t<style>\/*! elementor - v3.17.0 - 01-11-2023 *\/\n.elementor-widget-image{text-align:center}.elementor-widget-image a{display:inline-block}.elementor-widget-image a img[src$=\".svg\"]{width:48px}.elementor-widget-image img{vertical-align:middle;display:inline-block}<\/style>\t\t\t\t\t\t\t\t\t\t\t\t<img loading=\"lazy\" decoding=\"async\" width=\"1024\" height=\"364\" src=\"https:\/\/ccsconsult.fr\/wp-content\/uploads\/2023\/05\/translation-process_FR.png-2-1024x364.webp\" class=\"attachment-large size-large wp-image-613\" alt=\"\" srcset=\"https:\/\/ccsconsult.fr\/wp-content\/uploads\/2023\/05\/translation-process_FR.png-2-1024x364.webp 1024w, https:\/\/ccsconsult.fr\/wp-content\/uploads\/2023\/05\/translation-process_FR.png-2-300x107.webp 300w, https:\/\/ccsconsult.fr\/wp-content\/uploads\/2023\/05\/translation-process_FR.png-2-768x273.webp 768w, https:\/\/ccsconsult.fr\/wp-content\/uploads\/2023\/05\/translation-process_FR.png-2.webp 1326w\" sizes=\"auto, (max-width: 1024px) 100vw, 1024px\" \/>\t\t\t\t\t\t\t\t\t\t\t\t\t\t\t<\/div>\n\t\t\t\t<\/div>\n\t\t\t\t\t<\/div>\n\t\t<\/div>\n\t\t\t\t\t\t\t<\/div>\n\t\t<\/section>\n\t\t\t\t\t\t\t<\/div>\n\t\t","protected":false},"excerpt":{"rendered":"<p>Notre M\u00e9thodologie Afin de vous offrir un service de pointe \u00e0 des co\u00fbts maitris\u00e9s nous nous basons sur notre r\u00e9seau de traducteurs avec qui nous collaborons depuis la fondation de l\u2019entreprise.Selon la nature du document \u00e0 traduire, il sera affect\u00e9 \u00e0 un traducteur sp\u00e9cialis\u00e9 et expert dans votre domaine.Il \u00e9valuera la dur\u00e9e n\u00e9cessaire pour la &hellip;<\/p>\n<p class=\"read-more\"> <a class=\"\" href=\"https:\/\/ccsconsult.fr\/?page_id=637\"> <span class=\"screen-reader-text\">Notre m\u00e9thodologie<\/span> Lire la suite\u00a0\u00bb<\/a><\/p>\n","protected":false},"author":1,"featured_media":0,"parent":0,"menu_order":0,"comment_status":"closed","ping_status":"closed","template":"","meta":{"_uag_custom_page_level_css":"","site-sidebar-layout":"no-sidebar","site-content-layout":"page-builder","ast-global-header-display":"","ast-banner-title-visibility":"","ast-main-header-display":"","ast-hfb-above-header-display":"","ast-hfb-below-header-display":"","ast-hfb-mobile-header-display":"","site-post-title":"disabled","ast-breadcrumbs-content":"","ast-featured-img":"disabled","footer-sml-layout":"","theme-transparent-header-meta":"enabled","adv-header-id-meta":"","stick-header-meta":"","header-above-stick-meta":"","header-main-stick-meta":"","header-below-stick-meta":"","footnotes":""},"class_list":["post-637","page","type-page","status-publish","hentry"],"yoast_head":"<!-- This site is optimized with the Yoast SEO plugin v21.1 - https:\/\/yoast.com\/wordpress\/plugins\/seo\/ -->\n<title>CCS Consult, pour tout type de traductions<\/title>\n<meta name=\"description\" content=\"CCS Consult vous assiste dans toute vos demandes de traductions, juridiques, asserment\u00e9es, marketing, interpr\u00e9tariat et sous-titrage\" \/>\n<meta name=\"robots\" content=\"index, follow, max-snippet:-1, max-image-preview:large, max-video-preview:-1\" \/>\n<link rel=\"canonical\" href=\"https:\/\/ccsconsult.fr\/?page_id=637\" \/>\n<meta property=\"og:locale\" content=\"fr_FR\" \/>\n<meta property=\"og:type\" content=\"article\" \/>\n<meta property=\"og:title\" content=\"CCS Consult, pour tout type de traductions\" \/>\n<meta property=\"og:description\" content=\"CCS Consult vous assiste dans toute vos demandes de traductions, juridiques, asserment\u00e9es, marketing, interpr\u00e9tariat et sous-titrage\" \/>\n<meta property=\"og:url\" content=\"https:\/\/ccsconsult.fr\/?page_id=637\" \/>\n<meta property=\"og:site_name\" content=\"CCS Consult\" \/>\n<meta property=\"article:modified_time\" content=\"2023-09-14T21:34:48+00:00\" \/>\n<meta property=\"og:image\" content=\"https:\/\/ccsconsult.fr\/wp-content\/uploads\/2023\/05\/translation-process_FR.png-2-1024x364.webp\" \/>\n<meta name=\"twitter:card\" content=\"summary_large_image\" \/>\n<meta name=\"twitter:label1\" content=\"Dur\u00e9e de lecture estim\u00e9e\" \/>\n\t<meta name=\"twitter:data1\" content=\"1 minute\" \/>\n<script type=\"application\/ld+json\" class=\"yoast-schema-graph\">{\"@context\":\"https:\/\/schema.org\",\"@graph\":[{\"@type\":\"WebPage\",\"@id\":\"https:\/\/ccsconsult.fr\/?page_id=637\",\"url\":\"https:\/\/ccsconsult.fr\/?page_id=637\",\"name\":\"CCS Consult, pour tout type de traductions\",\"isPartOf\":{\"@id\":\"https:\/\/ccsconsult.fr\/#website\"},\"datePublished\":\"2023-05-27T23:16:42+00:00\",\"dateModified\":\"2023-09-14T21:34:48+00:00\",\"description\":\"CCS Consult vous assiste dans toute vos demandes de traductions, juridiques, asserment\u00e9es, marketing, interpr\u00e9tariat et sous-titrage\",\"breadcrumb\":{\"@id\":\"https:\/\/ccsconsult.fr\/?page_id=637#breadcrumb\"},\"inLanguage\":\"fr-FR\",\"potentialAction\":[{\"@type\":\"ReadAction\",\"target\":[\"https:\/\/ccsconsult.fr\/?page_id=637\"]}]},{\"@type\":\"BreadcrumbList\",\"@id\":\"https:\/\/ccsconsult.fr\/?page_id=637#breadcrumb\",\"itemListElement\":[{\"@type\":\"ListItem\",\"position\":1,\"name\":\"Accueil\",\"item\":\"https:\/\/ccsconsult.fr\/\"},{\"@type\":\"ListItem\",\"position\":2,\"name\":\"Notre m\u00e9thodologie\"}]},{\"@type\":\"WebSite\",\"@id\":\"https:\/\/ccsconsult.fr\/#website\",\"url\":\"https:\/\/ccsconsult.fr\/\",\"name\":\"CCS Consult\",\"description\":\"Pour vos traductions juridiques\",\"publisher\":{\"@id\":\"https:\/\/ccsconsult.fr\/#organization\"},\"potentialAction\":[{\"@type\":\"SearchAction\",\"target\":{\"@type\":\"EntryPoint\",\"urlTemplate\":\"https:\/\/ccsconsult.fr\/?s={search_term_string}\"},\"query-input\":\"required name=search_term_string\"}],\"inLanguage\":\"fr-FR\"},{\"@type\":\"Organization\",\"@id\":\"https:\/\/ccsconsult.fr\/#organization\",\"name\":\"CCS Consult traductions\",\"url\":\"https:\/\/ccsconsult.fr\/\",\"logo\":{\"@type\":\"ImageObject\",\"inLanguage\":\"fr-FR\",\"@id\":\"https:\/\/ccsconsult.fr\/#\/schema\/logo\/image\/\",\"url\":\"https:\/\/ccsconsult.fr\/wp-content\/uploads\/2023\/05\/cropped-Logo1.png\",\"contentUrl\":\"https:\/\/ccsconsult.fr\/wp-content\/uploads\/2023\/05\/cropped-Logo1.png\",\"width\":200,\"height\":67,\"caption\":\"CCS Consult traductions\"},\"image\":{\"@id\":\"https:\/\/ccsconsult.fr\/#\/schema\/logo\/image\/\"},\"sameAs\":[\"https:\/\/www.linkedin.com\/in\/nassim-zouaia-b2b9a03\/\"]}]}<\/script>\n<!-- \/ Yoast SEO plugin. -->","yoast_head_json":{"title":"CCS Consult, pour tout type de traductions","description":"CCS Consult vous assiste dans toute vos demandes de traductions, juridiques, asserment\u00e9es, marketing, interpr\u00e9tariat et sous-titrage","robots":{"index":"index","follow":"follow","max-snippet":"max-snippet:-1","max-image-preview":"max-image-preview:large","max-video-preview":"max-video-preview:-1"},"canonical":"https:\/\/ccsconsult.fr\/?page_id=637","og_locale":"fr_FR","og_type":"article","og_title":"CCS Consult, pour tout type de traductions","og_description":"CCS Consult vous assiste dans toute vos demandes de traductions, juridiques, asserment\u00e9es, marketing, interpr\u00e9tariat et sous-titrage","og_url":"https:\/\/ccsconsult.fr\/?page_id=637","og_site_name":"CCS Consult","article_modified_time":"2023-09-14T21:34:48+00:00","og_image":[{"url":"https:\/\/ccsconsult.fr\/wp-content\/uploads\/2023\/05\/translation-process_FR.png-2-1024x364.webp"}],"twitter_card":"summary_large_image","twitter_misc":{"Dur\u00e9e de lecture estim\u00e9e":"1 minute"},"schema":{"@context":"https:\/\/schema.org","@graph":[{"@type":"WebPage","@id":"https:\/\/ccsconsult.fr\/?page_id=637","url":"https:\/\/ccsconsult.fr\/?page_id=637","name":"CCS Consult, pour tout type de traductions","isPartOf":{"@id":"https:\/\/ccsconsult.fr\/#website"},"datePublished":"2023-05-27T23:16:42+00:00","dateModified":"2023-09-14T21:34:48+00:00","description":"CCS Consult vous assiste dans toute vos demandes de traductions, juridiques, asserment\u00e9es, marketing, interpr\u00e9tariat et sous-titrage","breadcrumb":{"@id":"https:\/\/ccsconsult.fr\/?page_id=637#breadcrumb"},"inLanguage":"fr-FR","potentialAction":[{"@type":"ReadAction","target":["https:\/\/ccsconsult.fr\/?page_id=637"]}]},{"@type":"BreadcrumbList","@id":"https:\/\/ccsconsult.fr\/?page_id=637#breadcrumb","itemListElement":[{"@type":"ListItem","position":1,"name":"Accueil","item":"https:\/\/ccsconsult.fr\/"},{"@type":"ListItem","position":2,"name":"Notre m\u00e9thodologie"}]},{"@type":"WebSite","@id":"https:\/\/ccsconsult.fr\/#website","url":"https:\/\/ccsconsult.fr\/","name":"CCS Consult","description":"Pour vos traductions juridiques","publisher":{"@id":"https:\/\/ccsconsult.fr\/#organization"},"potentialAction":[{"@type":"SearchAction","target":{"@type":"EntryPoint","urlTemplate":"https:\/\/ccsconsult.fr\/?s={search_term_string}"},"query-input":"required name=search_term_string"}],"inLanguage":"fr-FR"},{"@type":"Organization","@id":"https:\/\/ccsconsult.fr\/#organization","name":"CCS Consult traductions","url":"https:\/\/ccsconsult.fr\/","logo":{"@type":"ImageObject","inLanguage":"fr-FR","@id":"https:\/\/ccsconsult.fr\/#\/schema\/logo\/image\/","url":"https:\/\/ccsconsult.fr\/wp-content\/uploads\/2023\/05\/cropped-Logo1.png","contentUrl":"https:\/\/ccsconsult.fr\/wp-content\/uploads\/2023\/05\/cropped-Logo1.png","width":200,"height":67,"caption":"CCS Consult traductions"},"image":{"@id":"https:\/\/ccsconsult.fr\/#\/schema\/logo\/image\/"},"sameAs":["https:\/\/www.linkedin.com\/in\/nassim-zouaia-b2b9a03\/"]}]}},"uagb_featured_image_src":{"full":false,"thumbnail":false,"medium":false,"medium_large":false,"large":false,"1536x1536":false,"2048x2048":false},"uagb_author_info":{"display_name":"nass74","author_link":"https:\/\/ccsconsult.fr\/?author=1"},"uagb_comment_info":0,"uagb_excerpt":"Notre M\u00e9thodologie Afin de vous offrir un service de pointe \u00e0 des co\u00fbts maitris\u00e9s nous nous basons sur notre r\u00e9seau de traducteurs avec qui nous collaborons depuis la fondation de l\u2019entreprise.Selon la nature du document \u00e0 traduire, il sera affect\u00e9 \u00e0 un traducteur sp\u00e9cialis\u00e9 et expert dans votre domaine.Il \u00e9valuera la dur\u00e9e n\u00e9cessaire pour la\u2026","_links":{"self":[{"href":"https:\/\/ccsconsult.fr\/index.php?rest_route=\/wp\/v2\/pages\/637","targetHints":{"allow":["GET"]}}],"collection":[{"href":"https:\/\/ccsconsult.fr\/index.php?rest_route=\/wp\/v2\/pages"}],"about":[{"href":"https:\/\/ccsconsult.fr\/index.php?rest_route=\/wp\/v2\/types\/page"}],"author":[{"embeddable":true,"href":"https:\/\/ccsconsult.fr\/index.php?rest_route=\/wp\/v2\/users\/1"}],"replies":[{"embeddable":true,"href":"https:\/\/ccsconsult.fr\/index.php?rest_route=%2Fwp%2Fv2%2Fcomments&post=637"}],"version-history":[{"count":8,"href":"https:\/\/ccsconsult.fr\/index.php?rest_route=\/wp\/v2\/pages\/637\/revisions"}],"predecessor-version":[{"id":838,"href":"https:\/\/ccsconsult.fr\/index.php?rest_route=\/wp\/v2\/pages\/637\/revisions\/838"}],"wp:attachment":[{"href":"https:\/\/ccsconsult.fr\/index.php?rest_route=%2Fwp%2Fv2%2Fmedia&parent=637"}],"curies":[{"name":"wp","href":"https:\/\/api.w.org\/{rel}","templated":true}]}}