{"id":12,"date":"2021-01-25T04:23:51","date_gmt":"2021-01-25T04:23:51","guid":{"rendered":"https:\/\/ccsconsult.fr\/?page_id=12"},"modified":"2023-10-26T13:55:06","modified_gmt":"2023-10-26T11:55:06","slug":"home","status":"publish","type":"page","link":"https:\/\/ccsconsult.fr\/","title":{"rendered":"Home"},"content":{"rendered":"<h3><img loading=\"lazy\" decoding=\"async\" class=\"alignnone  wp-image-707\" src=\"https:\/\/ccsconsult.fr\/wp-content\/uploads\/2023\/05\/Logo1.png\" alt=\"\" width=\"270\" height=\"270\" srcset=\"https:\/\/ccsconsult.fr\/wp-content\/uploads\/2023\/05\/Logo1.png 200w, https:\/\/ccsconsult.fr\/wp-content\/uploads\/2023\/05\/Logo1-150x150.png 150w\" sizes=\"auto, (max-width: 270px) 100vw, 270px\" \/><\/h3>\n<p>CCS Consult traite toute sorte de demandes de traductions, catalogues, pr\u00e9sentations de produits, documents marketing, communiqu\u00e9s de presse, nous assurons toutes les combinaisons de langues.<\/p>\n<p><img loading=\"lazy\" decoding=\"async\" class=\" wp-image-887 aligncenter\" src=\"https:\/\/ccsconsult.fr\/wp-content\/uploads\/2023\/09\/61EHbXhiCfL._UF10001000_QL80_-300x200.jpg\" alt=\"\" width=\"344\" height=\"229\" srcset=\"https:\/\/ccsconsult.fr\/wp-content\/uploads\/2023\/09\/61EHbXhiCfL._UF10001000_QL80_-300x200.jpg 300w, https:\/\/ccsconsult.fr\/wp-content\/uploads\/2023\/09\/61EHbXhiCfL._UF10001000_QL80_-768x513.jpg 768w, https:\/\/ccsconsult.fr\/wp-content\/uploads\/2023\/09\/61EHbXhiCfL._UF10001000_QL80_.jpg 1000w\" sizes=\"auto, (max-width: 344px) 100vw, 344px\" \/><\/p>\n<h3>Qui sommes nous ?<\/h3>\n<p>Collaborant avec de nombreux Cabinets d\u2019avocats de renom et des services juridiques d\u2019entreprise nous avons une forte expertise de ce milieu et sommes \u00e0 m\u00eame de traiter toute demande, traductions asserment\u00e9es, contrats etc\u2026<br \/>Nous ne facturons aucun majoration de traduction de derni\u00e8re minute.<br \/>Pour vos demande de devis.<\/p>\n<p>e-mail: nassim@ccsconsult<\/p>\n<p>Tel: 01 42 87 69 03 &amp; 06 64 19 43 54<\/p>\n\n\n<div class=\"wp-block-uagb-container uagb-block-d6ff1964 alignfull uagb-is-root-container\"><div class=\"uagb-container-inner-blocks-wrap\">\n<div class=\"wp-block-uagb-container uagb-block-38ca1bdd\"><\/div>\n<\/div><\/div>\n","protected":false},"excerpt":{"rendered":"<p>CCS Consult traite toute sorte de demandes de traductions, catalogues, pr\u00e9sentations de produits, documents marketing, communiqu\u00e9s de presse, nous assurons toutes les combinaisons de langues. Qui sommes nous ? Collaborant avec de nombreux Cabinets d\u2019avocats de renom et des services juridiques d\u2019entreprise nous avons une forte expertise de ce milieu et sommes \u00e0 m\u00eame de &hellip;<\/p>\n<p class=\"read-more\"> <a class=\"\" href=\"https:\/\/ccsconsult.fr\/\"> <span class=\"screen-reader-text\">Home<\/span> Lire la suite\u00a0\u00bb<\/a><\/p>\n","protected":false},"author":1,"featured_media":620,"parent":0,"menu_order":0,"comment_status":"closed","ping_status":"closed","template":"","meta":{"_uag_custom_page_level_css":"","site-sidebar-layout":"no-sidebar","site-content-layout":"page-builder","ast-global-header-display":"","ast-banner-title-visibility":"","ast-main-header-display":"","ast-hfb-above-header-display":"","ast-hfb-below-header-display":"","ast-hfb-mobile-header-display":"","site-post-title":"disabled","ast-breadcrumbs-content":"","ast-featured-img":"disabled","footer-sml-layout":"","theme-transparent-header-meta":"enabled","adv-header-id-meta":"","stick-header-meta":"","header-above-stick-meta":"","header-main-stick-meta":"","header-below-stick-meta":"","footnotes":""},"class_list":["post-12","page","type-page","status-publish","has-post-thumbnail","hentry"],"yoast_head":"<!-- This site is optimized with the Yoast SEO plugin v21.1 - https:\/\/yoast.com\/wordpress\/plugins\/seo\/ -->\n<title>traductions,traductions, traduction juridiques, traduction anglais<\/title>\n<meta name=\"description\" content=\"Pour toute demande de traductions, devis gratuit, traductions asserment\u00e9es interpr\u00e9tariat sur site\" \/>\n<meta name=\"robots\" content=\"index, follow, max-snippet:-1, max-image-preview:large, max-video-preview:-1\" \/>\n<link rel=\"canonical\" href=\"https:\/\/ccsconsult.fr\/\" \/>\n<meta property=\"og:locale\" content=\"fr_FR\" \/>\n<meta property=\"og:type\" content=\"article\" \/>\n<meta property=\"og:title\" content=\"traductions,traductions, traduction juridiques, traduction anglais\" \/>\n<meta property=\"og:description\" content=\"Pour toute demande de traductions, devis gratuit, traductions asserment\u00e9es interpr\u00e9tariat sur site\" \/>\n<meta property=\"og:url\" content=\"https:\/\/ccsconsult.fr\/\" \/>\n<meta property=\"og:site_name\" content=\"CCS Consult\" \/>\n<meta property=\"article:modified_time\" content=\"2023-10-26T11:55:06+00:00\" \/>\n<meta property=\"og:image\" content=\"https:\/\/ccsconsult.fr\/wp-content\/uploads\/2023\/05\/pexels-mantas-sinkevicius-1106476-scaled.jpg\" \/>\n\t<meta property=\"og:image:width\" content=\"1707\" \/>\n\t<meta property=\"og:image:height\" content=\"2560\" \/>\n\t<meta property=\"og:image:type\" content=\"image\/jpeg\" \/>\n<meta name=\"twitter:card\" content=\"summary_large_image\" \/>\n<meta name=\"twitter:label1\" content=\"Dur\u00e9e de lecture estim\u00e9e\" \/>\n\t<meta name=\"twitter:data1\" content=\"1 minute\" \/>\n<script type=\"application\/ld+json\" class=\"yoast-schema-graph\">{\"@context\":\"https:\/\/schema.org\",\"@graph\":[{\"@type\":\"WebPage\",\"@id\":\"https:\/\/ccsconsult.fr\/\",\"url\":\"https:\/\/ccsconsult.fr\/\",\"name\":\"traductions,traductions, traduction juridiques, traduction anglais\",\"isPartOf\":{\"@id\":\"https:\/\/ccsconsult.fr\/#website\"},\"datePublished\":\"2021-01-25T04:23:51+00:00\",\"dateModified\":\"2023-10-26T11:55:06+00:00\",\"description\":\"Pour toute demande de traductions, devis gratuit, traductions asserment\u00e9es interpr\u00e9tariat sur site\",\"breadcrumb\":{\"@id\":\"https:\/\/ccsconsult.fr\/#breadcrumb\"},\"inLanguage\":\"fr-FR\",\"potentialAction\":[{\"@type\":\"ReadAction\",\"target\":[\"https:\/\/ccsconsult.fr\/\"]}]},{\"@type\":\"BreadcrumbList\",\"@id\":\"https:\/\/ccsconsult.fr\/#breadcrumb\",\"itemListElement\":[{\"@type\":\"ListItem\",\"position\":1,\"name\":\"Accueil\",\"item\":\"https:\/\/ccsconsult.fr\/\"},{\"@type\":\"ListItem\",\"position\":2,\"name\":\"Home\"}]},{\"@type\":\"WebSite\",\"@id\":\"https:\/\/ccsconsult.fr\/#website\",\"url\":\"https:\/\/ccsconsult.fr\/\",\"name\":\"CCS Consult\",\"description\":\"Pour vos traductions juridiques\",\"publisher\":{\"@id\":\"https:\/\/ccsconsult.fr\/#organization\"},\"potentialAction\":[{\"@type\":\"SearchAction\",\"target\":{\"@type\":\"EntryPoint\",\"urlTemplate\":\"https:\/\/ccsconsult.fr\/?s={search_term_string}\"},\"query-input\":\"required name=search_term_string\"}],\"inLanguage\":\"fr-FR\"},{\"@type\":\"Organization\",\"@id\":\"https:\/\/ccsconsult.fr\/#organization\",\"name\":\"CCS Consult traductions\",\"url\":\"https:\/\/ccsconsult.fr\/\",\"logo\":{\"@type\":\"ImageObject\",\"inLanguage\":\"fr-FR\",\"@id\":\"https:\/\/ccsconsult.fr\/#\/schema\/logo\/image\/\",\"url\":\"https:\/\/ccsconsult.fr\/wp-content\/uploads\/2023\/05\/cropped-Logo1.png\",\"contentUrl\":\"https:\/\/ccsconsult.fr\/wp-content\/uploads\/2023\/05\/cropped-Logo1.png\",\"width\":200,\"height\":67,\"caption\":\"CCS Consult traductions\"},\"image\":{\"@id\":\"https:\/\/ccsconsult.fr\/#\/schema\/logo\/image\/\"},\"sameAs\":[\"https:\/\/www.linkedin.com\/in\/nassim-zouaia-b2b9a03\/\"]}]}<\/script>\n<!-- \/ Yoast SEO plugin. -->","yoast_head_json":{"title":"traductions,traductions, traduction juridiques, traduction anglais","description":"Pour toute demande de traductions, devis gratuit, traductions asserment\u00e9es interpr\u00e9tariat sur site","robots":{"index":"index","follow":"follow","max-snippet":"max-snippet:-1","max-image-preview":"max-image-preview:large","max-video-preview":"max-video-preview:-1"},"canonical":"https:\/\/ccsconsult.fr\/","og_locale":"fr_FR","og_type":"article","og_title":"traductions,traductions, traduction juridiques, traduction anglais","og_description":"Pour toute demande de traductions, devis gratuit, traductions asserment\u00e9es interpr\u00e9tariat sur site","og_url":"https:\/\/ccsconsult.fr\/","og_site_name":"CCS Consult","article_modified_time":"2023-10-26T11:55:06+00:00","og_image":[{"width":1707,"height":2560,"url":"https:\/\/ccsconsult.fr\/wp-content\/uploads\/2023\/05\/pexels-mantas-sinkevicius-1106476-scaled.jpg","type":"image\/jpeg"}],"twitter_card":"summary_large_image","twitter_misc":{"Dur\u00e9e de lecture estim\u00e9e":"1 minute"},"schema":{"@context":"https:\/\/schema.org","@graph":[{"@type":"WebPage","@id":"https:\/\/ccsconsult.fr\/","url":"https:\/\/ccsconsult.fr\/","name":"traductions,traductions, traduction juridiques, traduction anglais","isPartOf":{"@id":"https:\/\/ccsconsult.fr\/#website"},"datePublished":"2021-01-25T04:23:51+00:00","dateModified":"2023-10-26T11:55:06+00:00","description":"Pour toute demande de traductions, devis gratuit, traductions asserment\u00e9es interpr\u00e9tariat sur site","breadcrumb":{"@id":"https:\/\/ccsconsult.fr\/#breadcrumb"},"inLanguage":"fr-FR","potentialAction":[{"@type":"ReadAction","target":["https:\/\/ccsconsult.fr\/"]}]},{"@type":"BreadcrumbList","@id":"https:\/\/ccsconsult.fr\/#breadcrumb","itemListElement":[{"@type":"ListItem","position":1,"name":"Accueil","item":"https:\/\/ccsconsult.fr\/"},{"@type":"ListItem","position":2,"name":"Home"}]},{"@type":"WebSite","@id":"https:\/\/ccsconsult.fr\/#website","url":"https:\/\/ccsconsult.fr\/","name":"CCS Consult","description":"Pour vos traductions juridiques","publisher":{"@id":"https:\/\/ccsconsult.fr\/#organization"},"potentialAction":[{"@type":"SearchAction","target":{"@type":"EntryPoint","urlTemplate":"https:\/\/ccsconsult.fr\/?s={search_term_string}"},"query-input":"required name=search_term_string"}],"inLanguage":"fr-FR"},{"@type":"Organization","@id":"https:\/\/ccsconsult.fr\/#organization","name":"CCS Consult traductions","url":"https:\/\/ccsconsult.fr\/","logo":{"@type":"ImageObject","inLanguage":"fr-FR","@id":"https:\/\/ccsconsult.fr\/#\/schema\/logo\/image\/","url":"https:\/\/ccsconsult.fr\/wp-content\/uploads\/2023\/05\/cropped-Logo1.png","contentUrl":"https:\/\/ccsconsult.fr\/wp-content\/uploads\/2023\/05\/cropped-Logo1.png","width":200,"height":67,"caption":"CCS Consult traductions"},"image":{"@id":"https:\/\/ccsconsult.fr\/#\/schema\/logo\/image\/"},"sameAs":["https:\/\/www.linkedin.com\/in\/nassim-zouaia-b2b9a03\/"]}]}},"uagb_featured_image_src":{"full":["https:\/\/ccsconsult.fr\/wp-content\/uploads\/2023\/05\/pexels-mantas-sinkevicius-1106476-scaled.jpg",1707,2560,false],"thumbnail":["https:\/\/ccsconsult.fr\/wp-content\/uploads\/2023\/05\/pexels-mantas-sinkevicius-1106476-150x150.jpg",150,150,true],"medium":["https:\/\/ccsconsult.fr\/wp-content\/uploads\/2023\/05\/pexels-mantas-sinkevicius-1106476-200x300.jpg",200,300,true],"medium_large":["https:\/\/ccsconsult.fr\/wp-content\/uploads\/2023\/05\/pexels-mantas-sinkevicius-1106476-768x1152.jpg",768,1152,true],"large":["https:\/\/ccsconsult.fr\/wp-content\/uploads\/2023\/05\/pexels-mantas-sinkevicius-1106476-683x1024.jpg",683,1024,true],"1536x1536":["https:\/\/ccsconsult.fr\/wp-content\/uploads\/2023\/05\/pexels-mantas-sinkevicius-1106476-1024x1536.jpg",1024,1536,true],"2048x2048":["https:\/\/ccsconsult.fr\/wp-content\/uploads\/2023\/05\/pexels-mantas-sinkevicius-1106476-1365x2048.jpg",1365,2048,true]},"uagb_author_info":{"display_name":"nass74","author_link":"https:\/\/ccsconsult.fr\/?author=1"},"uagb_comment_info":0,"uagb_excerpt":"CCS Consult traite toute sorte de demandes de traductions, catalogues, pr\u00e9sentations de produits, documents marketing, communiqu\u00e9s de presse, nous assurons toutes les combinaisons de langues. Qui sommes nous ? Collaborant avec de nombreux Cabinets d\u2019avocats de renom et des services juridiques d\u2019entreprise nous avons une forte expertise de ce milieu et sommes \u00e0 m\u00eame de\u2026","_links":{"self":[{"href":"https:\/\/ccsconsult.fr\/index.php?rest_route=\/wp\/v2\/pages\/12","targetHints":{"allow":["GET"]}}],"collection":[{"href":"https:\/\/ccsconsult.fr\/index.php?rest_route=\/wp\/v2\/pages"}],"about":[{"href":"https:\/\/ccsconsult.fr\/index.php?rest_route=\/wp\/v2\/types\/page"}],"author":[{"embeddable":true,"href":"https:\/\/ccsconsult.fr\/index.php?rest_route=\/wp\/v2\/users\/1"}],"replies":[{"embeddable":true,"href":"https:\/\/ccsconsult.fr\/index.php?rest_route=%2Fwp%2Fv2%2Fcomments&post=12"}],"version-history":[{"count":81,"href":"https:\/\/ccsconsult.fr\/index.php?rest_route=\/wp\/v2\/pages\/12\/revisions"}],"predecessor-version":[{"id":892,"href":"https:\/\/ccsconsult.fr\/index.php?rest_route=\/wp\/v2\/pages\/12\/revisions\/892"}],"wp:featuredmedia":[{"embeddable":true,"href":"https:\/\/ccsconsult.fr\/index.php?rest_route=\/wp\/v2\/media\/620"}],"wp:attachment":[{"href":"https:\/\/ccsconsult.fr\/index.php?rest_route=%2Fwp%2Fv2%2Fmedia&parent=12"}],"curies":[{"name":"wp","href":"https:\/\/api.w.org\/{rel}","templated":true}]}}